{"id":303,"date":"2022-07-07T16:51:35","date_gmt":"2022-07-07T14:51:35","guid":{"rendered":"http:\/\/www.mia-apartments.com\/?page_id=303"},"modified":"2022-08-20T09:36:38","modified_gmt":"2022-08-20T07:36:38","slug":"apartman-7","status":"publish","type":"page","link":"https:\/\/www.mia-apartments.com\/index.php\/apartman-7\/","title":{"rendered":"Apartman 7"},"content":{"rendered":"<p>Studio apartman 2+2 nalazi se na drugom katu. Sastoji se od 1 dvokrevetne sobe sa kuhinjom i<br \/>\nkupaonicom te od odvojene prostorije u kojoj se nalazi kau\u010d sa mogu\u0107no\u0161\u0107u razvla\u010denja za 2 osobe,<br \/>\nbalkon sa sjeverne strane ,TV-Sat i klimatizacija<\/p>\n<p><div class=\"row\" > <div class=\"col-sm-6 col-md-3 col-mozaik broj-0 \" > <a  href=\"https:\/\/www.mia-apartments.com\/wp-content\/uploads\/2022\/07\/A7-1.jpg\" data-fancybox=\"9\"> \r\n <img class=\"mozaik\" src=\"https:\/\/www.mia-apartments.com\/wp-content\/uploads\/2022\/07\/A7-1-450x300.jpg\"  \/><\/a><\/div><div class=\"col-sm-6 col-md-3 col-mozaik broj-1 \" > <a  href=\"https:\/\/www.mia-apartments.com\/wp-content\/uploads\/2022\/07\/A7-2.jpg\" data-fancybox=\"9\"> \r\n <img class=\"mozaik\" src=\"https:\/\/www.mia-apartments.com\/wp-content\/uploads\/2022\/07\/A7-2-300x207.jpg\"  \/><\/a><\/div><div class=\"col-sm-6 col-md-3 col-mozaik broj-2 \" > <a  href=\"https:\/\/www.mia-apartments.com\/wp-content\/uploads\/2022\/07\/A7-3.jpg\" data-fancybox=\"9\"> \r\n <img class=\"mozaik\" src=\"https:\/\/www.mia-apartments.com\/wp-content\/uploads\/2022\/07\/A7-3-300x208.jpg\"  \/><\/a><\/div><div class=\"col-sm-6 col-md-3 col-mozaik broj-3 \" > <a  href=\"https:\/\/www.mia-apartments.com\/wp-content\/uploads\/2022\/07\/A7-4.jpg\" data-fancybox=\"9\"> \r\n <img class=\"mozaik\" src=\"https:\/\/www.mia-apartments.com\/wp-content\/uploads\/2022\/07\/A7-4-450x300.jpg\"  \/><\/a><\/div><div class=\"col-sm-6 col-md-3 col-mozaik broj-4 \" > <a  href=\"https:\/\/www.mia-apartments.com\/wp-content\/uploads\/2022\/07\/A7-5.jpg\" data-fancybox=\"9\"> \r\n <img class=\"mozaik\" src=\"https:\/\/www.mia-apartments.com\/wp-content\/uploads\/2022\/07\/A7-5-450x300.jpg\"  \/><\/a><\/div><div class=\"col-sm-6 col-md-3 col-mozaik broj-5 \" > <a  href=\"https:\/\/www.mia-apartments.com\/wp-content\/uploads\/2022\/07\/A7-6.jpg\" data-fancybox=\"9\"> \r\n <img class=\"mozaik\" src=\"https:\/\/www.mia-apartments.com\/wp-content\/uploads\/2022\/07\/A7-6-450x300.jpg\"  \/><\/a><\/div><div class=\"col-sm-6 col-md-3 col-mozaik broj-6 \" > <a  href=\"https:\/\/www.mia-apartments.com\/wp-content\/uploads\/2022\/07\/A7-7.jpg\" data-fancybox=\"9\"> \r\n <img class=\"mozaik\" src=\"https:\/\/www.mia-apartments.com\/wp-content\/uploads\/2022\/07\/A7-7-450x300.jpg\"  \/><\/a><\/div><div class=\"col-sm-6 col-md-3 col-mozaik broj-7 \" > <a  href=\"https:\/\/www.mia-apartments.com\/wp-content\/uploads\/2022\/07\/A7-8.jpg\" data-fancybox=\"9\"> \r\n <img class=\"mozaik\" src=\"https:\/\/www.mia-apartments.com\/wp-content\/uploads\/2022\/07\/A7-8-450x300.jpg\"  \/><\/a><\/div><div class=\"col-sm-6 col-md-3 col-mozaik broj-8 \" > <a  href=\"https:\/\/www.mia-apartments.com\/wp-content\/uploads\/2022\/07\/A7-9.jpg\" data-fancybox=\"9\"> \r\n <img class=\"mozaik\" src=\"https:\/\/www.mia-apartments.com\/wp-content\/uploads\/2022\/07\/A7-9-450x300.jpg\"  \/><\/a><\/div><div class=\"col-sm-6 col-md-3 col-mozaik broj-9 \" > <a  href=\"https:\/\/www.mia-apartments.com\/wp-content\/uploads\/2022\/07\/A7-10.jpg\" data-fancybox=\"9\"> \r\n <img class=\"mozaik\" src=\"https:\/\/www.mia-apartments.com\/wp-content\/uploads\/2022\/07\/A7-10-300x203.jpg\"  \/><\/a><\/div><div class=\"col-sm-6 col-md-3 col-mozaik broj-10 \" > <a  href=\"https:\/\/www.mia-apartments.com\/wp-content\/uploads\/2022\/07\/A7-11.jpg\" data-fancybox=\"9\"> \r\n <img class=\"mozaik\" src=\"https:\/\/www.mia-apartments.com\/wp-content\/uploads\/2022\/07\/A7-11-450x300.jpg\"  \/><\/a><\/div><div class=\"col-sm-6 col-md-3 col-mozaik broj-11 \" > <a  href=\"https:\/\/www.mia-apartments.com\/wp-content\/uploads\/2022\/07\/A7-12.jpg\" data-fancybox=\"9\"> \r\n <img class=\"mozaik\" src=\"https:\/\/www.mia-apartments.com\/wp-content\/uploads\/2022\/07\/A7-12-450x300.jpg\"  \/><\/a><\/div><div class=\"col-sm-6 col-md-3 col-mozaik broj-12 \" > <a  href=\"https:\/\/www.mia-apartments.com\/wp-content\/uploads\/2022\/07\/A7-13.jpg\" data-fancybox=\"9\"> \r\n <img class=\"mozaik\" src=\"https:\/\/www.mia-apartments.com\/wp-content\/uploads\/2022\/07\/A7-13-450x300.jpg\"  \/><\/a><\/div><div class=\"col-sm-6 col-md-3 col-mozaik broj-13 \" > <a  href=\"https:\/\/www.mia-apartments.com\/wp-content\/uploads\/2022\/07\/A7-14.jpg\" data-fancybox=\"9\"> \r\n <img class=\"mozaik\" src=\"https:\/\/www.mia-apartments.com\/wp-content\/uploads\/2022\/07\/A7-14-450x300.jpg\"  \/><\/a><\/div><div class=\"col-sm-6 col-md-3 col-mozaik broj-14 \" > <a  href=\"https:\/\/www.mia-apartments.com\/wp-content\/uploads\/2022\/07\/A7-15.jpg\" data-fancybox=\"9\"> \r\n <img class=\"mozaik\" src=\"https:\/\/www.mia-apartments.com\/wp-content\/uploads\/2022\/07\/A7-15-450x300.jpg\"  \/><\/a><\/div><div class=\"col-sm-6 col-md-3 col-mozaik broj-15 \" > <a  href=\"https:\/\/www.mia-apartments.com\/wp-content\/uploads\/2022\/07\/A7-16.jpg\" data-fancybox=\"9\"> \r\n <img class=\"mozaik\" src=\"https:\/\/www.mia-apartments.com\/wp-content\/uploads\/2022\/07\/A7-16-450x300.jpg\"  \/><\/a><\/div><div class=\"col-sm-6 col-md-3 col-mozaik broj-16 \" > <a  href=\"https:\/\/www.mia-apartments.com\/wp-content\/uploads\/2022\/07\/A7-17.jpg\" data-fancybox=\"9\"> \r\n <img class=\"mozaik\" src=\"https:\/\/www.mia-apartments.com\/wp-content\/uploads\/2022\/07\/A7-17-450x300.jpg\"  \/><\/a><\/div><div class=\"col-sm-6 col-md-3 col-mozaik broj-17 \" > <a  href=\"https:\/\/www.mia-apartments.com\/wp-content\/uploads\/2022\/07\/A7-18.jpg\" data-fancybox=\"9\"> \r\n <img class=\"mozaik\" src=\"https:\/\/www.mia-apartments.com\/wp-content\/uploads\/2022\/07\/A7-18-450x300.jpg\"  \/><\/a><\/div><div class=\"col-sm-6 col-md-3 col-mozaik broj-18 \" > <a  href=\"https:\/\/www.mia-apartments.com\/wp-content\/uploads\/2022\/07\/A7-19.jpg\" data-fancybox=\"9\"> \r\n <img class=\"mozaik\" src=\"https:\/\/www.mia-apartments.com\/wp-content\/uploads\/2022\/07\/A7-19-450x300.jpg\"  \/><\/a><\/div><div class=\"col-sm-6 col-md-3 col-mozaik broj-19 \" > <a  href=\"https:\/\/www.mia-apartments.com\/wp-content\/uploads\/2022\/07\/A7-20.jpg\" data-fancybox=\"9\"> \r\n <img class=\"mozaik\" src=\"https:\/\/www.mia-apartments.com\/wp-content\/uploads\/2022\/07\/A7-20-450x300.jpg\"  \/><\/a><\/div><div class=\"col-sm-6 col-md-3 col-mozaik broj-20 \" > <a  href=\"https:\/\/www.mia-apartments.com\/wp-content\/uploads\/2022\/07\/A7-21.jpg\" data-fancybox=\"9\"> \r\n <img class=\"mozaik\" src=\"https:\/\/www.mia-apartments.com\/wp-content\/uploads\/2022\/07\/A7-21-450x300.jpg\"  \/><\/a><\/div><div class=\"col-sm-6 col-md-3 col-mozaik broj-21 \" > <a  href=\"https:\/\/www.mia-apartments.com\/wp-content\/uploads\/2022\/07\/A7-22.jpg\" data-fancybox=\"9\"> \r\n <img class=\"mozaik\" src=\"https:\/\/www.mia-apartments.com\/wp-content\/uploads\/2022\/07\/A7-22-300x203.jpg\"  \/><\/a><\/div><\/div> <\/p>","protected":false},"excerpt":{"rendered":"<p>Studio apartman 2+2 nalazi se na drugom katu. Sastoji se od 1 dvokrevetne sobe sa kuhinjom i kupaonicom te od odvojene prostorije u kojoj se nalazi kau\u010d sa mogu\u0107no\u0161\u0107u razvla\u010denja za 2 osobe, balkon sa sjeverne strane ,TV-Sat i klimatizacija<\/p>\n","protected":false},"author":2,"featured_media":500,"parent":0,"menu_order":0,"comment_status":"closed","ping_status":"closed","template":"","meta":{"_rtcl_gb_attr":""},"_links":{"self":[{"href":"https:\/\/www.mia-apartments.com\/index.php\/wp-json\/wp\/v2\/pages\/303"}],"collection":[{"href":"https:\/\/www.mia-apartments.com\/index.php\/wp-json\/wp\/v2\/pages"}],"about":[{"href":"https:\/\/www.mia-apartments.com\/index.php\/wp-json\/wp\/v2\/types\/page"}],"author":[{"embeddable":true,"href":"https:\/\/www.mia-apartments.com\/index.php\/wp-json\/wp\/v2\/users\/2"}],"replies":[{"embeddable":true,"href":"https:\/\/www.mia-apartments.com\/index.php\/wp-json\/wp\/v2\/comments?post=303"}],"version-history":[{"count":9,"href":"https:\/\/www.mia-apartments.com\/index.php\/wp-json\/wp\/v2\/pages\/303\/revisions"}],"predecessor-version":[{"id":1106,"href":"https:\/\/www.mia-apartments.com\/index.php\/wp-json\/wp\/v2\/pages\/303\/revisions\/1106"}],"wp:featuredmedia":[{"embeddable":true,"href":"https:\/\/www.mia-apartments.com\/index.php\/wp-json\/wp\/v2\/media\/500"}],"wp:attachment":[{"href":"https:\/\/www.mia-apartments.com\/index.php\/wp-json\/wp\/v2\/media?parent=303"}],"curies":[{"name":"wp","href":"https:\/\/api.w.org\/{rel}","templated":true}]}}